{"id":15557,"date":"2021-05-03T10:00:07","date_gmt":"2021-05-03T10:00:07","guid":{"rendered":"http:\/\/owlisten.com\/?page_id=15557"},"modified":"2023-10-10T08:22:33","modified_gmt":"2023-10-10T08:22:33","slug":"pre-lancamento","status":"publish","type":"page","link":"https:\/\/owlisten.com\/en\/pre-lancamento\/","title":{"rendered":"The feedback evolution"},"content":{"rendered":"<div data-elementor-type=\"wp-page\" data-elementor-id=\"15557\" class=\"elementor elementor-15557\">\n\t\t\t\t\t\t<section class=\"elementor-section elementor-top-section elementor-element elementor-element-ad7bee2 elementor-section-full_width elementor-section-stretched elementor-section-height-default elementor-section-height-default\" data-id=\"ad7bee2\" data-element_type=\"section\" data-settings=\"{&quot;stretch_section&quot;:&quot;section-stretched&quot;}\">\n\t\t\t\t\t\t<div class=\"elementor-container elementor-column-gap-default\">\n\t\t\t\t\t<div class=\"elementor-column elementor-col-100 elementor-top-column elementor-element elementor-element-9dcbc92\" data-id=\"9dcbc92\" data-element_type=\"column\">\n\t\t\t<div class=\"elementor-widget-wrap\">\n\t\t\t\t\t\t\t<\/div>\n\t\t<\/div>\n\t\t\t\t\t<\/div>\n\t\t<\/section>\n\t\t\t\t<section class=\"elementor-section elementor-top-section elementor-element elementor-element-f990028 elementor-section-stretched elementor-section-boxed elementor-section-height-default elementor-section-height-default\" data-id=\"f990028\" data-element_type=\"section\" data-settings=\"{&quot;stretch_section&quot;:&quot;section-stretched&quot;}\">\n\t\t\t\t\t\t<div class=\"elementor-container elementor-column-gap-default\">\n\t\t\t\t\t<div class=\"elementor-column elementor-col-50 elementor-top-column elementor-element elementor-element-e91939e\" data-id=\"e91939e\" data-element_type=\"column\">\n\t\t\t<div class=\"elementor-widget-wrap elementor-element-populated\">\n\t\t\t\t\t\t<div class=\"elementor-element elementor-element-cc65bf2 ui-e-a-animate elementor-widget elementor-widget-highlighted-text\" data-id=\"cc65bf2\" data-element_type=\"widget\" data-widget_type=\"highlighted-text.default\">\n\t\t\t\t<div class=\"elementor-widget-container\">\n\t\t\t\t\t<h1 class=\"ui-e--highlighted-text\" >\r\n        <span class=\"ui-e-headline-text\">Join the feedback <\/span><span class=\"whitespace\"> <\/span><span class=\"ui-e-headline-text ui-e-headline-stroke1\">\r\n\t\t\t\t\t\t\t<span class=\"ui-e-headline-text ui-e-headline-highlighted\">evolution<\/span><span class=\"uicore-svg-wrapper\"><svg xmlns=\"http:\/\/www.w3.org\/2000\/svg\" viewbox=\"0 0 500 150\" preserveaspectratio=\"none\"><path d='M15.2,133.3L15.2,133.3c121.9-7.6,244-9.9,366.1-6.8c34.6,0.9,69.1,2.3,103.7,4'\/><\/svg><\/span><\/span><span class=\"whitespace\"> <\/span>        <\/h1>\r\n        \t\t<\/div>\n\t\t\t\t<\/div>\n\t\t\t\t<div class=\"elementor-element elementor-element-4411884 elementor-widget elementor-widget-button\" data-id=\"4411884\" data-element_type=\"widget\" data-widget_type=\"button.default\">\n\t\t\t\t<div class=\"elementor-widget-container\">\n\t\t\t\t\t<div class=\"elementor-button-wrapper\">\n\t\t\t<a class=\"elementor-button elementor-button-link elementor-size-sm\" href=\"https:\/\/app.owlisten.com\/\">\n\t\t\t\t\t\t<span class=\"elementor-button-content-wrapper\">\n\t\t\t\t\t\t\t\t\t<span class=\"elementor-button-text\">Start now<\/span>\n\t\t\t\t\t<\/span>\n\t\t\t\t\t<\/a>\n\t\t<\/div>\n\t\t\t\t<\/div>\n\t\t\t\t<\/div>\n\t\t\t\t\t<\/div>\n\t\t<\/div>\n\t\t\t\t<div class=\"elementor-column elementor-col-50 elementor-top-column elementor-element elementor-element-db9661f\" data-id=\"db9661f\" data-element_type=\"column\">\n\t\t\t<div class=\"elementor-widget-wrap elementor-element-populated\">\n\t\t\t\t\t\t<div class=\"elementor-element elementor-element-b23b7b7 elementor-invisible elementor-widget elementor-widget-image\" data-id=\"b23b7b7\" data-element_type=\"widget\" data-settings=\"{&quot;_animation&quot;:&quot;fadeInUp&quot;}\" data-widget_type=\"image.default\">\n\t\t\t\t<div class=\"elementor-widget-container\">\n\t\t\t\t\t\t\t\t\t\t\t\t\t<img fetchpriority=\"high\" decoding=\"async\" width=\"1000\" height=\"1000\" src=\"https:\/\/owlisten.com\/wp-content\/uploads\/2021\/05\/Flat-Illustration.png\" class=\"attachment-large size-large wp-image-15716\" alt=\"\" srcset=\"https:\/\/owlisten.com\/wp-content\/uploads\/2021\/05\/Flat-Illustration.png 1000w, https:\/\/owlisten.com\/wp-content\/uploads\/2021\/05\/Flat-Illustration-300x300.png 300w, https:\/\/owlisten.com\/wp-content\/uploads\/2021\/05\/Flat-Illustration-150x150.png 150w, https:\/\/owlisten.com\/wp-content\/uploads\/2021\/05\/Flat-Illustration-768x768.png 768w, https:\/\/owlisten.com\/wp-content\/uploads\/2021\/05\/Flat-Illustration-50x50.png 50w, https:\/\/owlisten.com\/wp-content\/uploads\/2021\/05\/Flat-Illustration-100x100.png 100w\" sizes=\"(max-width: 1000px) 100vw, 1000px\" \/>\t\t\t\t\t\t\t\t\t\t\t\t\t<\/div>\n\t\t\t\t<\/div>\n\t\t\t\t\t<\/div>\n\t\t<\/div>\n\t\t\t\t\t<\/div>\n\t\t<\/section>\n\t\t\t\t<section class=\"elementor-section elementor-top-section elementor-element elementor-element-cb321a1 elementor-section-boxed elementor-section-height-default elementor-section-height-default\" data-id=\"cb321a1\" data-element_type=\"section\">\n\t\t\t\t\t\t<div class=\"elementor-container elementor-column-gap-default\">\n\t\t\t\t\t<div class=\"elementor-column elementor-col-100 elementor-top-column elementor-element elementor-element-626a9e6\" data-id=\"626a9e6\" data-element_type=\"column\">\n\t\t\t<div class=\"elementor-widget-wrap elementor-element-populated\">\n\t\t\t\t\t\t<div class=\"elementor-element elementor-element-407326a ui-e-a-animate elementor-invisible elementor-widget elementor-widget-highlighted-text\" data-id=\"407326a\" data-element_type=\"widget\" data-settings=\"{&quot;_animation&quot;:&quot;fadeInUp&quot;}\" data-widget_type=\"highlighted-text.default\">\n\t\t\t\t<div class=\"elementor-widget-container\">\n\t\t\t\t\t<h2 class=\"ui-e--highlighted-text\" >\r\n        <span class=\"ui-e-headline-text\">How can feedback<\/span><span class=\"whitespace\"> <\/span><span class=\"ui-e-headline-text ui-e-headline-stroke1\">\r\n\t\t\t\t\t\t\t<span class=\"ui-e-headline-text ui-e-headline-highlighted\">change your life<\/span><span class=\"uicore-svg-wrapper\"><svg xmlns=\"http:\/\/www.w3.org\/2000\/svg\" viewbox=\"0 0 500 150\" preserveaspectratio=\"none\"><path d='M15.2,133.3L15.2,133.3c121.9-7.6,244-9.9,366.1-6.8c34.6,0.9,69.1,2.3,103.7,4'\/><\/svg><\/span><\/span><span class=\"whitespace\"> <\/span>        <\/h2>\r\n        \t\t<\/div>\n\t\t\t\t<\/div>\n\t\t\t\t<div class=\"elementor-element elementor-element-6d228a9 elementor-invisible elementor-widget elementor-widget-text-editor\" data-id=\"6d228a9\" data-element_type=\"widget\" data-settings=\"{&quot;_animation&quot;:&quot;fadeInUp&quot;,&quot;_animation_delay&quot;:100}\" data-widget_type=\"text-editor.default\">\n\t\t\t\t<div class=\"elementor-widget-container\">\n\t\t\t\t\t\t\t<p>Turn feedback into a habit to foster collaboration and understand where you and others can improve.\u00a0<\/p>\t\t\t\t\t\t<\/div>\n\t\t\t\t<\/div>\n\t\t\t\t<div class=\"elementor-element elementor-element-6963dc8 elementor-widget__width-initial elementor-widget-tablet__width-initial elementor-widget-mobile__width-inherit bdt-icon-type-icon elementor-position-top bdt-icon-effect-none elementor-invisible elementor-widget elementor-widget-bdt-advanced-icon-box\" data-id=\"6963dc8\" data-element_type=\"widget\" data-settings=\"{&quot;_animation&quot;:&quot;fadeInUp&quot;,&quot;_animation_delay&quot;:200}\" data-widget_type=\"bdt-advanced-icon-box.default\">\n\t\t\t\t<div class=\"elementor-widget-container\">\n\t\t\t\t\t<div class=\"bdt-ep-advanced-icon-box\">\n\n\t\t\t\t\t\t\t\n\t\t\t\t\t<div class=\"bdt-ep-advanced-icon-box-icon\">\n\t\t\t\t<span class=\"bdt-ep-advanced-icon-box-icon-wrap\">\n\n\n\t\t\t\t\t\n\t\t\t\t\t\t<i aria-hidden=\"true\" class=\"fas fa-user-astronaut\"><\/i>\n\n\t\t\t\t\t\t\t\t\t<\/span>\n\t\t\t<\/div>\n\t\t\n\t\t\t\t\n\t\t\t<div class=\"bdt-ep-advanced-icon-box-content\">\n\n\t\t\t\t\t\t\t\t\t\n\t\t\t\t\t<h3 class=\"bdt-ep-advanced-icon-box-title\">\n\t\t\t\t<span >\n\t\t\t\t\tCreate your account\t\t\t\t<\/span>\n\t\t\t<\/h3>\n\t\t\n\n\t\t\n\t\t\t\t\t\n\t\t\t\t\n\t\t\t\t\t\t\t\t\t<div class=\"bdt-ep-advanced-icon-box-description\">\n\t\t\t\t\t\t<p>You can create your free account via social login using LinkedIn, Google or using your email.<\/p>\t\t\t\t\t<\/div>\n\t\t\t\t\n\t\t\t\t\t\t\t<\/div>\n\t\t<\/div>\n\n\t\t\n\t\t\n\t\t<\/div>\n\t\t\t\t<\/div>\n\t\t\t\t<div class=\"elementor-element elementor-element-e2cb21c elementor-widget__width-initial elementor-widget-tablet__width-initial elementor-widget-mobile__width-inherit bdt-icon-type-icon elementor-position-top bdt-icon-effect-none elementor-invisible elementor-widget elementor-widget-bdt-advanced-icon-box\" data-id=\"e2cb21c\" data-element_type=\"widget\" data-settings=\"{&quot;_animation&quot;:&quot;fadeInUp&quot;,&quot;_animation_delay&quot;:200}\" data-widget_type=\"bdt-advanced-icon-box.default\">\n\t\t\t\t<div class=\"elementor-widget-container\">\n\t\t\t\t\t<div class=\"bdt-ep-advanced-icon-box\">\n\n\t\t\t\t\t\t\t\n\t\t\t\t\t<div class=\"bdt-ep-advanced-icon-box-icon\">\n\t\t\t\t<span class=\"bdt-ep-advanced-icon-box-icon-wrap\">\n\n\n\t\t\t\t\t\n\t\t\t\t\t\t<i aria-hidden=\"true\" class=\"fas fa-plus-circle\"><\/i>\n\n\t\t\t\t\t\t\t\t\t<\/span>\n\t\t\t<\/div>\n\t\t\n\t\t\t\t\n\t\t\t<div class=\"bdt-ep-advanced-icon-box-content\">\n\n\t\t\t\t\t\t\t\t\t\n\t\t\t\t\t<h3 class=\"bdt-ep-advanced-icon-box-title\">\n\t\t\t\t<span >\n\t\t\t\t\tCreate a session\t\t\t\t<\/span>\n\t\t\t<\/h3>\n\t\t\n\n\t\t\n\t\t\t\t\t\n\t\t\t\t\n\t\t\t\t\t\t\t\t\t<div class=\"bdt-ep-advanced-icon-box-description\">\n\t\t\t\t\t\t<p>Your feedback session can be anonymous, transparent or with personalized skills.<\/p>\t\t\t\t\t<\/div>\n\t\t\t\t\n\t\t\t\t\t\t\t<\/div>\n\t\t<\/div>\n\n\t\t\n\t\t\n\t\t<\/div>\n\t\t\t\t<\/div>\n\t\t\t\t<div class=\"elementor-element elementor-element-027de51 elementor-widget__width-initial elementor-widget-tablet__width-initial elementor-widget-mobile__width-inherit bdt-icon-type-icon elementor-position-top bdt-icon-effect-none elementor-invisible elementor-widget elementor-widget-bdt-advanced-icon-box\" data-id=\"027de51\" data-element_type=\"widget\" data-settings=\"{&quot;_animation&quot;:&quot;fadeInUp&quot;,&quot;_animation_delay&quot;:200}\" data-widget_type=\"bdt-advanced-icon-box.default\">\n\t\t\t\t<div class=\"elementor-widget-container\">\n\t\t\t\t\t<div class=\"bdt-ep-advanced-icon-box\">\n\n\t\t\t\t\t\t\t\n\t\t\t\t\t<div class=\"bdt-ep-advanced-icon-box-icon\">\n\t\t\t\t<span class=\"bdt-ep-advanced-icon-box-icon-wrap\">\n\n\n\t\t\t\t\t\n\t\t\t\t\t\t<i aria-hidden=\"true\" class=\"fas fa-share-alt\"><\/i>\n\n\t\t\t\t\t\t\t\t\t<\/span>\n\t\t\t<\/div>\n\t\t\n\t\t\t\t\n\t\t\t<div class=\"bdt-ep-advanced-icon-box-content\">\n\n\t\t\t\t\t\t\t\t\t\n\t\t\t\t\t<h3 class=\"bdt-ep-advanced-icon-box-title\">\n\t\t\t\t<span >\n\t\t\t\t\tInvite\t\t\t\t<\/span>\n\t\t\t<\/h3>\n\t\t\n\n\t\t\n\t\t\t\t\t\n\t\t\t\t\n\t\t\t\t\t\t\t\t\t<div class=\"bdt-ep-advanced-icon-box-description\">\n\t\t\t\t\t\t<p>Share your feedback session link or QR code with whoever you would like to give or receive feedback.<\/p>\t\t\t\t\t<\/div>\n\t\t\t\t\n\t\t\t\t\t\t\t<\/div>\n\t\t<\/div>\n\n\t\t\n\t\t\n\t\t<\/div>\n\t\t\t\t<\/div>\n\t\t\t\t<div class=\"elementor-element elementor-element-71bc812 elementor-widget__width-initial elementor-widget-tablet__width-initial elementor-widget-mobile__width-inherit bdt-icon-type-icon elementor-position-top bdt-icon-effect-none elementor-invisible elementor-widget elementor-widget-bdt-advanced-icon-box\" data-id=\"71bc812\" data-element_type=\"widget\" data-settings=\"{&quot;_animation&quot;:&quot;fadeInUp&quot;,&quot;_animation_delay&quot;:200}\" data-widget_type=\"bdt-advanced-icon-box.default\">\n\t\t\t\t<div class=\"elementor-widget-container\">\n\t\t\t\t\t<div class=\"bdt-ep-advanced-icon-box\">\n\n\t\t\t\t\t\t\t\n\t\t\t\t\t<div class=\"bdt-ep-advanced-icon-box-icon\">\n\t\t\t\t<span class=\"bdt-ep-advanced-icon-box-icon-wrap\">\n\n\n\t\t\t\t\t\n\t\t\t\t\t\t<i aria-hidden=\"true\" class=\"fas fa-rocket\"><\/i>\n\n\t\t\t\t\t\t\t\t\t<\/span>\n\t\t\t<\/div>\n\t\t\n\t\t\t\t\n\t\t\t<div class=\"bdt-ep-advanced-icon-box-content\">\n\n\t\t\t\t\t\t\t\t\t\n\t\t\t\t\t<h3 class=\"bdt-ep-advanced-icon-box-title\">\n\t\t\t\t<span >\n\t\t\t\t\tEvolve\t\t\t\t<\/span>\n\t\t\t<\/h3>\n\t\t\n\n\t\t\n\t\t\t\t\t\n\t\t\t\t\n\t\t\t\t\t\t\t\t\t<div class=\"bdt-ep-advanced-icon-box-description\">\n\t\t\t\t\t\t<p>Find out which skills need attention and development<\/p>\t\t\t\t\t<\/div>\n\t\t\t\t\n\t\t\t\t\t\t\t<\/div>\n\t\t<\/div>\n\n\t\t\n\t\t\n\t\t<\/div>\n\t\t\t\t<\/div>\n\t\t\t\t<div class=\"elementor-element elementor-element-2610d6a elementor-widget__width-auto elementor-absolute elementor-invisible elementor-widget elementor-widget-image\" data-id=\"2610d6a\" data-element_type=\"widget\" data-settings=\"{&quot;_position&quot;:&quot;absolute&quot;,&quot;_animation&quot;:&quot;zoomIn&quot;,&quot;_animation_delay&quot;:500}\" data-widget_type=\"image.default\">\n\t\t\t\t<div class=\"elementor-widget-container\">\n\t\t\t\t\t\t\t\t\t\t\t\t\t<img decoding=\"async\" src=\"http:\/\/level.uicore.co\/inner-pages\/wp-content\/uploads\/sites\/17\/2021\/12\/Service-Detail-element-1.webp\" title=\"\" alt=\"\" loading=\"lazy\" \/>\t\t\t\t\t\t\t\t\t\t\t\t\t<\/div>\n\t\t\t\t<\/div>\n\t\t\t\t<div class=\"elementor-element elementor-element-b7650dc elementor-widget__width-auto elementor-absolute elementor-invisible elementor-widget elementor-widget-image\" data-id=\"b7650dc\" data-element_type=\"widget\" data-settings=\"{&quot;_position&quot;:&quot;absolute&quot;,&quot;_animation&quot;:&quot;zoomIn&quot;,&quot;_animation_delay&quot;:500}\" data-widget_type=\"image.default\">\n\t\t\t\t<div class=\"elementor-widget-container\">\n\t\t\t\t\t\t\t\t\t\t\t\t\t<img decoding=\"async\" src=\"http:\/\/level.uicore.co\/inner-pages\/wp-content\/uploads\/sites\/17\/2021\/12\/Service-Detail-element-2.webp\" title=\"\" alt=\"\" loading=\"lazy\" \/>\t\t\t\t\t\t\t\t\t\t\t\t\t<\/div>\n\t\t\t\t<\/div>\n\t\t\t\t<div class=\"elementor-element elementor-element-6f74f7f elementor-widget__width-auto elementor-absolute elementor-hidden-tablet elementor-hidden-mobile elementor-invisible elementor-widget elementor-widget-image\" data-id=\"6f74f7f\" data-element_type=\"widget\" data-settings=\"{&quot;_position&quot;:&quot;absolute&quot;,&quot;_animation&quot;:&quot;zoomIn&quot;,&quot;_animation_delay&quot;:500}\" data-widget_type=\"image.default\">\n\t\t\t\t<div class=\"elementor-widget-container\">\n\t\t\t\t\t\t\t\t\t\t\t\t\t<img decoding=\"async\" src=\"http:\/\/level.uicore.co\/inner-pages\/wp-content\/uploads\/sites\/17\/2021\/12\/Service-Detail-element-1.webp\" title=\"\" alt=\"\" loading=\"lazy\" \/>\t\t\t\t\t\t\t\t\t\t\t\t\t<\/div>\n\t\t\t\t<\/div>\n\t\t\t\t<div class=\"elementor-element elementor-element-ab0c96e elementor-widget__width-auto elementor-absolute elementor-hidden-tablet elementor-hidden-mobile elementor-invisible elementor-widget elementor-widget-image\" data-id=\"ab0c96e\" data-element_type=\"widget\" data-settings=\"{&quot;_position&quot;:&quot;absolute&quot;,&quot;_animation&quot;:&quot;zoomIn&quot;,&quot;_animation_delay&quot;:700}\" data-widget_type=\"image.default\">\n\t\t\t\t<div class=\"elementor-widget-container\">\n\t\t\t\t\t\t\t\t\t\t\t\t\t<img decoding=\"async\" src=\"http:\/\/level.uicore.co\/inner-pages\/wp-content\/uploads\/sites\/17\/2021\/12\/Service-Detail-element-3.webp\" title=\"\" alt=\"\" loading=\"lazy\" \/>\t\t\t\t\t\t\t\t\t\t\t\t\t<\/div>\n\t\t\t\t<\/div>\n\t\t\t\t\t<\/div>\n\t\t<\/div>\n\t\t\t\t\t<\/div>\n\t\t<\/section>\n\t\t\t\t<section class=\"elementor-section elementor-top-section elementor-element elementor-element-9495a9b elementor-section-full_width elementor-section-stretched elementor-section-height-default elementor-section-height-default\" data-id=\"9495a9b\" data-element_type=\"section\" id=\"inscricao\" data-settings=\"{&quot;background_background&quot;:&quot;classic&quot;,&quot;stretch_section&quot;:&quot;section-stretched&quot;}\">\n\t\t\t\t\t\t<div class=\"elementor-container elementor-column-gap-default\">\n\t\t\t\t\t<div class=\"elementor-column elementor-col-50 elementor-top-column elementor-element elementor-element-0347f87\" data-id=\"0347f87\" data-element_type=\"column\">\n\t\t\t<div class=\"elementor-widget-wrap elementor-element-populated\">\n\t\t\t\t\t\t<div class=\"elementor-element elementor-element-7c25fd8 elementor-widget elementor-widget-heading\" data-id=\"7c25fd8\" data-element_type=\"widget\" data-widget_type=\"heading.default\">\n\t\t\t\t<div class=\"elementor-widget-container\">\n\t\t\t<h2 class=\"elementor-heading-title elementor-size-default\">Practice feedback in a agile and easy way<\/h2>\t\t<\/div>\n\t\t\t\t<\/div>\n\t\t\t\t<div class=\"elementor-element elementor-element-316e72c elementor-widget elementor-widget-button\" data-id=\"316e72c\" data-element_type=\"widget\" data-widget_type=\"button.default\">\n\t\t\t\t<div class=\"elementor-widget-container\">\n\t\t\t\t\t<div class=\"elementor-button-wrapper\">\n\t\t\t<a class=\"elementor-button elementor-button-link elementor-size-lg\" href=\"https:\/\/app.owlisten.com\/create-room\">\n\t\t\t\t\t\t<span class=\"elementor-button-content-wrapper\">\n\t\t\t\t\t\t\t\t\t<span class=\"elementor-button-text\">Create your free account<\/span>\n\t\t\t\t\t<\/span>\n\t\t\t\t\t<\/a>\n\t\t<\/div>\n\t\t\t\t<\/div>\n\t\t\t\t<\/div>\n\t\t\t\t\t<\/div>\n\t\t<\/div>\n\t\t\t\t<div class=\"elementor-column elementor-col-50 elementor-top-column elementor-element elementor-element-308a8e4\" data-id=\"308a8e4\" data-element_type=\"column\">\n\t\t\t<div class=\"elementor-widget-wrap elementor-element-populated\">\n\t\t\t\t\t\t<div class=\"elementor-element elementor-element-18bd259 elementor-widget elementor-widget-image\" data-id=\"18bd259\" data-element_type=\"widget\" data-widget_type=\"image.default\">\n\t\t\t\t<div class=\"elementor-widget-container\">\n\t\t\t\t\t\t\t\t\t\t\t\t\t<img decoding=\"async\" width=\"1000\" height=\"513\" src=\"https:\/\/owlisten.com\/wp-content\/uploads\/2021\/09\/owlisten-preview.gif\" class=\"attachment-full size-full wp-image-15913\" alt=\"\" \/>\t\t\t\t\t\t\t\t\t\t\t\t\t<\/div>\n\t\t\t\t<\/div>\n\t\t\t\t\t<\/div>\n\t\t<\/div>\n\t\t\t\t\t<\/div>\n\t\t<\/section>\n\t\t\t\t<\/div>","protected":false},"excerpt":{"rendered":"<p>Participe da evolu\u00e7\u00e3o do feedback Comece agora Como o feedback pode mudar a sua vida [&hellip;]<\/p>","protected":false},"author":1,"featured_media":0,"parent":0,"menu_order":0,"comment_status":"closed","ping_status":"closed","template":"","meta":{"footnotes":""},"class_list":["post-15557","page","type-page","status-publish","hentry"],"yoast_head":"<!-- This site is optimized with the Yoast SEO plugin v25.6 - https:\/\/yoast.com\/wordpress\/plugins\/seo\/ -->\n<title>The feedback evolution - Owlisten<\/title>\n<meta name=\"description\" content=\"Torne a pr\u00e1tica de feedback um h\u00e1bito para promover a colabora\u00e7\u00e3o e entender onde voc\u00ea e os outros podem melhorar.\" \/>\n<meta name=\"robots\" content=\"index, follow, max-snippet:-1, max-image-preview:large, max-video-preview:-1\" \/>\n<link rel=\"canonical\" href=\"https:\/\/owlisten.com\/en\/pre-lancamento\/\" \/>\n<meta property=\"og:locale\" content=\"en_US\" \/>\n<meta property=\"og:type\" content=\"article\" \/>\n<meta property=\"og:title\" content=\"The feedback evolution - Owlisten\" \/>\n<meta property=\"og:description\" content=\"Torne a pr\u00e1tica de feedback um h\u00e1bito para promover a colabora\u00e7\u00e3o e entender onde voc\u00ea e os outros podem melhorar.\" \/>\n<meta property=\"og:url\" content=\"https:\/\/owlisten.com\/en\/pre-lancamento\/\" \/>\n<meta property=\"og:site_name\" content=\"Owlisten\" \/>\n<meta property=\"article:modified_time\" content=\"2023-10-10T08:22:33+00:00\" \/>\n<meta property=\"og:image\" content=\"http:\/\/owlisten.com\/wp-content\/uploads\/2021\/05\/Flat-Illustration.png\" \/>\n<meta name=\"twitter:card\" content=\"summary_large_image\" \/>\n<meta name=\"twitter:label1\" content=\"Est. reading time\" \/>\n\t<meta name=\"twitter:data1\" content=\"2 minutes\" \/>\n<script type=\"application\/ld+json\" class=\"yoast-schema-graph\">{\"@context\":\"https:\/\/schema.org\",\"@graph\":[{\"@type\":\"WebPage\",\"@id\":\"https:\/\/owlisten.com\/pre-lancamento\/\",\"url\":\"https:\/\/owlisten.com\/pre-lancamento\/\",\"name\":\"The feedback evolution - Owlisten\",\"isPartOf\":{\"@id\":\"https:\/\/owlisten.com\/en\/#website\"},\"primaryImageOfPage\":{\"@id\":\"https:\/\/owlisten.com\/pre-lancamento\/#primaryimage\"},\"image\":{\"@id\":\"https:\/\/owlisten.com\/pre-lancamento\/#primaryimage\"},\"thumbnailUrl\":\"http:\/\/owlisten.com\/wp-content\/uploads\/2021\/05\/Flat-Illustration.png\",\"datePublished\":\"2021-05-03T10:00:07+00:00\",\"dateModified\":\"2023-10-10T08:22:33+00:00\",\"description\":\"Torne a pr\u00e1tica de feedback um h\u00e1bito para promover a colabora\u00e7\u00e3o e entender onde voc\u00ea e os outros podem melhorar.\",\"breadcrumb\":{\"@id\":\"https:\/\/owlisten.com\/pre-lancamento\/#breadcrumb\"},\"inLanguage\":\"en-US\",\"potentialAction\":[{\"@type\":\"ReadAction\",\"target\":[\"https:\/\/owlisten.com\/pre-lancamento\/\"]}]},{\"@type\":\"ImageObject\",\"inLanguage\":\"en-US\",\"@id\":\"https:\/\/owlisten.com\/pre-lancamento\/#primaryimage\",\"url\":\"http:\/\/owlisten.com\/wp-content\/uploads\/2021\/05\/Flat-Illustration.png\",\"contentUrl\":\"http:\/\/owlisten.com\/wp-content\/uploads\/2021\/05\/Flat-Illustration.png\"},{\"@type\":\"BreadcrumbList\",\"@id\":\"https:\/\/owlisten.com\/pre-lancamento\/#breadcrumb\",\"itemListElement\":[{\"@type\":\"ListItem\",\"position\":1,\"name\":\"Home\",\"item\":\"https:\/\/owlisten.com\/\"},{\"@type\":\"ListItem\",\"position\":2,\"name\":\"The feedback evolution\"}]},{\"@type\":\"WebSite\",\"@id\":\"https:\/\/owlisten.com\/en\/#website\",\"url\":\"https:\/\/owlisten.com\/en\/\",\"name\":\"Owlisten\",\"description\":\"The feedback evolution\",\"publisher\":{\"@id\":\"https:\/\/owlisten.com\/en\/#organization\"},\"potentialAction\":[{\"@type\":\"SearchAction\",\"target\":{\"@type\":\"EntryPoint\",\"urlTemplate\":\"https:\/\/owlisten.com\/en\/?s={search_term_string}\"},\"query-input\":{\"@type\":\"PropertyValueSpecification\",\"valueRequired\":true,\"valueName\":\"search_term_string\"}}],\"inLanguage\":\"en-US\"},{\"@type\":\"Organization\",\"@id\":\"https:\/\/owlisten.com\/en\/#organization\",\"name\":\"Owlisten\",\"url\":\"https:\/\/owlisten.com\/en\/\",\"logo\":{\"@type\":\"ImageObject\",\"inLanguage\":\"en-US\",\"@id\":\"https:\/\/owlisten.com\/en\/#\/schema\/logo\/image\/\",\"url\":\"http:\/\/owlisten.com\/wp-content\/uploads\/2022\/04\/Contact-CTA-element.webp\",\"contentUrl\":\"http:\/\/owlisten.com\/wp-content\/uploads\/2022\/04\/Contact-CTA-element.webp\",\"width\":766,\"height\":780,\"caption\":\"Owlisten\"},\"image\":{\"@id\":\"https:\/\/owlisten.com\/en\/#\/schema\/logo\/image\/\"}}]}<\/script>\n<!-- \/ Yoast SEO plugin. -->","yoast_head_json":{"title":"The feedback evolution - Owlisten","description":"Torne a pr\u00e1tica de feedback um h\u00e1bito para promover a colabora\u00e7\u00e3o e entender onde voc\u00ea e os outros podem melhorar.","robots":{"index":"index","follow":"follow","max-snippet":"max-snippet:-1","max-image-preview":"max-image-preview:large","max-video-preview":"max-video-preview:-1"},"canonical":"https:\/\/owlisten.com\/en\/pre-lancamento\/","og_locale":"en_US","og_type":"article","og_title":"The feedback evolution - Owlisten","og_description":"Torne a pr\u00e1tica de feedback um h\u00e1bito para promover a colabora\u00e7\u00e3o e entender onde voc\u00ea e os outros podem melhorar.","og_url":"https:\/\/owlisten.com\/en\/pre-lancamento\/","og_site_name":"Owlisten","article_modified_time":"2023-10-10T08:22:33+00:00","og_image":[{"url":"http:\/\/owlisten.com\/wp-content\/uploads\/2021\/05\/Flat-Illustration.png","type":"","width":"","height":""}],"twitter_card":"summary_large_image","twitter_misc":{"Est. reading time":"2 minutes"},"schema":{"@context":"https:\/\/schema.org","@graph":[{"@type":"WebPage","@id":"https:\/\/owlisten.com\/pre-lancamento\/","url":"https:\/\/owlisten.com\/pre-lancamento\/","name":"The feedback evolution - Owlisten","isPartOf":{"@id":"https:\/\/owlisten.com\/en\/#website"},"primaryImageOfPage":{"@id":"https:\/\/owlisten.com\/pre-lancamento\/#primaryimage"},"image":{"@id":"https:\/\/owlisten.com\/pre-lancamento\/#primaryimage"},"thumbnailUrl":"http:\/\/owlisten.com\/wp-content\/uploads\/2021\/05\/Flat-Illustration.png","datePublished":"2021-05-03T10:00:07+00:00","dateModified":"2023-10-10T08:22:33+00:00","description":"Torne a pr\u00e1tica de feedback um h\u00e1bito para promover a colabora\u00e7\u00e3o e entender onde voc\u00ea e os outros podem melhorar.","breadcrumb":{"@id":"https:\/\/owlisten.com\/pre-lancamento\/#breadcrumb"},"inLanguage":"en-US","potentialAction":[{"@type":"ReadAction","target":["https:\/\/owlisten.com\/pre-lancamento\/"]}]},{"@type":"ImageObject","inLanguage":"en-US","@id":"https:\/\/owlisten.com\/pre-lancamento\/#primaryimage","url":"http:\/\/owlisten.com\/wp-content\/uploads\/2021\/05\/Flat-Illustration.png","contentUrl":"http:\/\/owlisten.com\/wp-content\/uploads\/2021\/05\/Flat-Illustration.png"},{"@type":"BreadcrumbList","@id":"https:\/\/owlisten.com\/pre-lancamento\/#breadcrumb","itemListElement":[{"@type":"ListItem","position":1,"name":"Home","item":"https:\/\/owlisten.com\/"},{"@type":"ListItem","position":2,"name":"The feedback evolution"}]},{"@type":"WebSite","@id":"https:\/\/owlisten.com\/en\/#website","url":"https:\/\/owlisten.com\/en\/","name":"Owlisten","description":"The feedback evolution","publisher":{"@id":"https:\/\/owlisten.com\/en\/#organization"},"potentialAction":[{"@type":"SearchAction","target":{"@type":"EntryPoint","urlTemplate":"https:\/\/owlisten.com\/en\/?s={search_term_string}"},"query-input":{"@type":"PropertyValueSpecification","valueRequired":true,"valueName":"search_term_string"}}],"inLanguage":"en-US"},{"@type":"Organization","@id":"https:\/\/owlisten.com\/en\/#organization","name":"Owlisten","url":"https:\/\/owlisten.com\/en\/","logo":{"@type":"ImageObject","inLanguage":"en-US","@id":"https:\/\/owlisten.com\/en\/#\/schema\/logo\/image\/","url":"http:\/\/owlisten.com\/wp-content\/uploads\/2022\/04\/Contact-CTA-element.webp","contentUrl":"http:\/\/owlisten.com\/wp-content\/uploads\/2022\/04\/Contact-CTA-element.webp","width":766,"height":780,"caption":"Owlisten"},"image":{"@id":"https:\/\/owlisten.com\/en\/#\/schema\/logo\/image\/"}}]}},"_links":{"self":[{"href":"https:\/\/owlisten.com\/en\/wp-json\/wp\/v2\/pages\/15557"}],"collection":[{"href":"https:\/\/owlisten.com\/en\/wp-json\/wp\/v2\/pages"}],"about":[{"href":"https:\/\/owlisten.com\/en\/wp-json\/wp\/v2\/types\/page"}],"author":[{"embeddable":true,"href":"https:\/\/owlisten.com\/en\/wp-json\/wp\/v2\/users\/1"}],"replies":[{"embeddable":true,"href":"https:\/\/owlisten.com\/en\/wp-json\/wp\/v2\/comments?post=15557"}],"version-history":[{"count":363,"href":"https:\/\/owlisten.com\/en\/wp-json\/wp\/v2\/pages\/15557\/revisions"}],"predecessor-version":[{"id":16692,"href":"https:\/\/owlisten.com\/en\/wp-json\/wp\/v2\/pages\/15557\/revisions\/16692"}],"wp:attachment":[{"href":"https:\/\/owlisten.com\/en\/wp-json\/wp\/v2\/media?parent=15557"}],"curies":[{"name":"wp","href":"https:\/\/api.w.org\/{rel}","templated":true}]}}