{"id":15883,"date":"2021-05-18T09:07:56","date_gmt":"2021-05-18T09:07:56","guid":{"rendered":"http:\/\/owlisten.com\/?page_id=15883"},"modified":"2022-03-13T21:23:42","modified_gmt":"2022-03-13T21:23:42","slug":"thank-you","status":"publish","type":"page","link":"https:\/\/owlisten.com\/en\/thank-you\/","title":{"rendered":"Thank you"},"content":{"rendered":"<div data-elementor-type=\"wp-page\" data-elementor-id=\"15883\" class=\"elementor elementor-15883\">\n\t\t\t\t\t\t<section class=\"elementor-section elementor-top-section elementor-element elementor-element-0da9511 elementor-section-boxed elementor-section-height-default elementor-section-height-default\" data-id=\"0da9511\" data-element_type=\"section\">\n\t\t\t\t\t\t<div class=\"elementor-container elementor-column-gap-default\">\n\t\t\t\t\t<div class=\"elementor-column elementor-col-100 elementor-top-column elementor-element elementor-element-a7a6ea0\" data-id=\"a7a6ea0\" data-element_type=\"column\">\n\t\t\t<div class=\"elementor-widget-wrap elementor-element-populated\">\n\t\t\t\t\t\t<div class=\"elementor-element elementor-element-82cfa05 elementor-widget elementor-widget-heading\" data-id=\"82cfa05\" data-element_type=\"widget\" data-widget_type=\"heading.default\">\n\t\t\t\t<div class=\"elementor-widget-container\">\n\t\t\t<h2 class=\"elementor-heading-title elementor-size-default\">Sua inscri\u00e7\u00e3o foi aprovada!<\/h2>\t\t<\/div>\n\t\t\t\t<\/div>\n\t\t\t\t<div class=\"elementor-element elementor-element-43f9a6a elementor-widget elementor-widget-text-editor\" data-id=\"43f9a6a\" data-element_type=\"widget\" data-widget_type=\"text-editor.default\">\n\t\t\t\t<div class=\"elementor-widget-container\">\n\t\t\t\t\t\t\t<p>Link para acessar nossa vers\u00e3o beta: <span style=\"text-decoration: underline;\"><a href=\"https:\/\/app.owlisten.com\/\">app.owlisten.com<\/a><\/span><\/p>\t\t\t\t\t\t<\/div>\n\t\t\t\t<\/div>\n\t\t\t\t\t<\/div>\n\t\t<\/div>\n\t\t\t\t\t<\/div>\n\t\t<\/section>\n\t\t\t\t<\/div>","protected":false},"excerpt":{"rendered":"<p>Sua inscri\u00e7\u00e3o foi aprovada! Link para acessar nossa vers\u00e3o beta: app.owlisten.com<\/p>","protected":false},"author":1,"featured_media":0,"parent":0,"menu_order":0,"comment_status":"closed","ping_status":"closed","template":"","meta":{"footnotes":""},"class_list":["post-15883","page","type-page","status-publish","hentry"],"yoast_head":"<!-- This site is optimized with the Yoast SEO plugin v25.6 - https:\/\/yoast.com\/wordpress\/plugins\/seo\/ -->\n<title>Thank you - Owlisten<\/title>\n<meta name=\"robots\" content=\"index, follow, max-snippet:-1, max-image-preview:large, max-video-preview:-1\" \/>\n<link rel=\"canonical\" href=\"https:\/\/owlisten.com\/en\/thank-you\/\" \/>\n<meta property=\"og:locale\" content=\"en_US\" \/>\n<meta property=\"og:type\" content=\"article\" \/>\n<meta property=\"og:title\" content=\"Thank you - Owlisten\" \/>\n<meta property=\"og:description\" content=\"Sua inscri\u00e7\u00e3o foi aprovada! Link para acessar nossa vers\u00e3o beta: app.owlisten.com\" \/>\n<meta property=\"og:url\" content=\"https:\/\/owlisten.com\/en\/thank-you\/\" \/>\n<meta property=\"og:site_name\" content=\"Owlisten\" \/>\n<meta property=\"article:modified_time\" content=\"2022-03-13T21:23:42+00:00\" \/>\n<meta name=\"twitter:card\" content=\"summary_large_image\" \/>\n<meta name=\"twitter:label1\" content=\"Est. reading time\" \/>\n\t<meta name=\"twitter:data1\" content=\"1 minute\" \/>\n<script type=\"application\/ld+json\" class=\"yoast-schema-graph\">{\"@context\":\"https:\/\/schema.org\",\"@graph\":[{\"@type\":\"WebPage\",\"@id\":\"https:\/\/owlisten.com\/thank-you\/\",\"url\":\"https:\/\/owlisten.com\/thank-you\/\",\"name\":\"Thank you - Owlisten\",\"isPartOf\":{\"@id\":\"https:\/\/owlisten.com\/en\/#website\"},\"datePublished\":\"2021-05-18T09:07:56+00:00\",\"dateModified\":\"2022-03-13T21:23:42+00:00\",\"breadcrumb\":{\"@id\":\"https:\/\/owlisten.com\/thank-you\/#breadcrumb\"},\"inLanguage\":\"en-US\",\"potentialAction\":[{\"@type\":\"ReadAction\",\"target\":[\"https:\/\/owlisten.com\/thank-you\/\"]}]},{\"@type\":\"BreadcrumbList\",\"@id\":\"https:\/\/owlisten.com\/thank-you\/#breadcrumb\",\"itemListElement\":[{\"@type\":\"ListItem\",\"position\":1,\"name\":\"Home\",\"item\":\"https:\/\/owlisten.com\/\"},{\"@type\":\"ListItem\",\"position\":2,\"name\":\"Thank you\"}]},{\"@type\":\"WebSite\",\"@id\":\"https:\/\/owlisten.com\/en\/#website\",\"url\":\"https:\/\/owlisten.com\/en\/\",\"name\":\"Owlisten\",\"description\":\"The feedback evolution\",\"publisher\":{\"@id\":\"https:\/\/owlisten.com\/en\/#organization\"},\"potentialAction\":[{\"@type\":\"SearchAction\",\"target\":{\"@type\":\"EntryPoint\",\"urlTemplate\":\"https:\/\/owlisten.com\/en\/?s={search_term_string}\"},\"query-input\":{\"@type\":\"PropertyValueSpecification\",\"valueRequired\":true,\"valueName\":\"search_term_string\"}}],\"inLanguage\":\"en-US\"},{\"@type\":\"Organization\",\"@id\":\"https:\/\/owlisten.com\/en\/#organization\",\"name\":\"Owlisten\",\"url\":\"https:\/\/owlisten.com\/en\/\",\"logo\":{\"@type\":\"ImageObject\",\"inLanguage\":\"en-US\",\"@id\":\"https:\/\/owlisten.com\/en\/#\/schema\/logo\/image\/\",\"url\":\"http:\/\/owlisten.com\/wp-content\/uploads\/2022\/04\/Contact-CTA-element.webp\",\"contentUrl\":\"http:\/\/owlisten.com\/wp-content\/uploads\/2022\/04\/Contact-CTA-element.webp\",\"width\":766,\"height\":780,\"caption\":\"Owlisten\"},\"image\":{\"@id\":\"https:\/\/owlisten.com\/en\/#\/schema\/logo\/image\/\"}}]}<\/script>\n<!-- \/ Yoast SEO plugin. -->","yoast_head_json":{"title":"Thank you - Owlisten","robots":{"index":"index","follow":"follow","max-snippet":"max-snippet:-1","max-image-preview":"max-image-preview:large","max-video-preview":"max-video-preview:-1"},"canonical":"https:\/\/owlisten.com\/en\/thank-you\/","og_locale":"en_US","og_type":"article","og_title":"Thank you - Owlisten","og_description":"Sua inscri\u00e7\u00e3o foi aprovada! Link para acessar nossa vers\u00e3o beta: app.owlisten.com","og_url":"https:\/\/owlisten.com\/en\/thank-you\/","og_site_name":"Owlisten","article_modified_time":"2022-03-13T21:23:42+00:00","twitter_card":"summary_large_image","twitter_misc":{"Est. reading time":"1 minute"},"schema":{"@context":"https:\/\/schema.org","@graph":[{"@type":"WebPage","@id":"https:\/\/owlisten.com\/thank-you\/","url":"https:\/\/owlisten.com\/thank-you\/","name":"Thank you - Owlisten","isPartOf":{"@id":"https:\/\/owlisten.com\/en\/#website"},"datePublished":"2021-05-18T09:07:56+00:00","dateModified":"2022-03-13T21:23:42+00:00","breadcrumb":{"@id":"https:\/\/owlisten.com\/thank-you\/#breadcrumb"},"inLanguage":"en-US","potentialAction":[{"@type":"ReadAction","target":["https:\/\/owlisten.com\/thank-you\/"]}]},{"@type":"BreadcrumbList","@id":"https:\/\/owlisten.com\/thank-you\/#breadcrumb","itemListElement":[{"@type":"ListItem","position":1,"name":"Home","item":"https:\/\/owlisten.com\/"},{"@type":"ListItem","position":2,"name":"Thank you"}]},{"@type":"WebSite","@id":"https:\/\/owlisten.com\/en\/#website","url":"https:\/\/owlisten.com\/en\/","name":"Owlisten","description":"The feedback evolution","publisher":{"@id":"https:\/\/owlisten.com\/en\/#organization"},"potentialAction":[{"@type":"SearchAction","target":{"@type":"EntryPoint","urlTemplate":"https:\/\/owlisten.com\/en\/?s={search_term_string}"},"query-input":{"@type":"PropertyValueSpecification","valueRequired":true,"valueName":"search_term_string"}}],"inLanguage":"en-US"},{"@type":"Organization","@id":"https:\/\/owlisten.com\/en\/#organization","name":"Owlisten","url":"https:\/\/owlisten.com\/en\/","logo":{"@type":"ImageObject","inLanguage":"en-US","@id":"https:\/\/owlisten.com\/en\/#\/schema\/logo\/image\/","url":"http:\/\/owlisten.com\/wp-content\/uploads\/2022\/04\/Contact-CTA-element.webp","contentUrl":"http:\/\/owlisten.com\/wp-content\/uploads\/2022\/04\/Contact-CTA-element.webp","width":766,"height":780,"caption":"Owlisten"},"image":{"@id":"https:\/\/owlisten.com\/en\/#\/schema\/logo\/image\/"}}]}},"_links":{"self":[{"href":"https:\/\/owlisten.com\/en\/wp-json\/wp\/v2\/pages\/15883"}],"collection":[{"href":"https:\/\/owlisten.com\/en\/wp-json\/wp\/v2\/pages"}],"about":[{"href":"https:\/\/owlisten.com\/en\/wp-json\/wp\/v2\/types\/page"}],"author":[{"embeddable":true,"href":"https:\/\/owlisten.com\/en\/wp-json\/wp\/v2\/users\/1"}],"replies":[{"embeddable":true,"href":"https:\/\/owlisten.com\/en\/wp-json\/wp\/v2\/comments?post=15883"}],"version-history":[{"count":15,"href":"https:\/\/owlisten.com\/en\/wp-json\/wp\/v2\/pages\/15883\/revisions"}],"predecessor-version":[{"id":16208,"href":"https:\/\/owlisten.com\/en\/wp-json\/wp\/v2\/pages\/15883\/revisions\/16208"}],"wp:attachment":[{"href":"https:\/\/owlisten.com\/en\/wp-json\/wp\/v2\/media?parent=15883"}],"curies":[{"name":"wp","href":"https:\/\/api.w.org\/{rel}","templated":true}]}}