{"id":15955,"date":"2021-10-14T11:36:50","date_gmt":"2021-10-14T11:36:50","guid":{"rendered":"http:\/\/owlisten.com\/?page_id=15955"},"modified":"2022-03-13T21:27:43","modified_gmt":"2022-03-13T21:27:43","slug":"como-funciona","status":"publish","type":"page","link":"https:\/\/owlisten.com\/en\/como-funciona\/","title":{"rendered":"How it works"},"content":{"rendered":"<div data-elementor-type=\"wp-page\" data-elementor-id=\"15955\" class=\"elementor elementor-15955\">\n\t\t\t\t\t\t<section class=\"elementor-section elementor-top-section elementor-element elementor-element-3a3f94e elementor-section-full_width elementor-section-content-middle elementor-section-stretched elementor-section-height-default elementor-section-height-default\" data-id=\"3a3f94e\" data-element_type=\"section\" data-settings=\"{&quot;background_background&quot;:&quot;classic&quot;,&quot;stretch_section&quot;:&quot;section-stretched&quot;}\">\n\t\t\t\t\t\t<div class=\"elementor-container elementor-column-gap-default\">\n\t\t\t\t\t<div class=\"elementor-column elementor-col-100 elementor-top-column elementor-element elementor-element-ff321e2\" data-id=\"ff321e2\" data-element_type=\"column\">\n\t\t\t<div class=\"elementor-widget-wrap elementor-element-populated\">\n\t\t\t\t\t\t<div class=\"elementor-element elementor-element-07fe2b8 elementor-widget elementor-widget-video\" data-id=\"07fe2b8\" data-element_type=\"widget\" data-settings=\"{&quot;youtube_url&quot;:&quot;https:\\\/\\\/youtu.be\\\/X159e-L-ZRM&quot;,&quot;modestbranding&quot;:&quot;yes&quot;,&quot;show_image_overlay&quot;:&quot;yes&quot;,&quot;image_overlay&quot;:{&quot;url&quot;:&quot;http:\\\/\\\/owlisten.com\\\/wp-content\\\/uploads\\\/2021\\\/10\\\/video-kiko.png&quot;,&quot;id&quot;:15977,&quot;size&quot;:&quot;&quot;,&quot;alt&quot;:&quot;Assista o v\\u00eddeo&quot;,&quot;source&quot;:&quot;library&quot;},&quot;lightbox&quot;:&quot;yes&quot;,&quot;video_type&quot;:&quot;youtube&quot;,&quot;controls&quot;:&quot;yes&quot;}\" data-widget_type=\"video.default\">\n\t\t\t\t<div class=\"elementor-widget-container\">\n\t\t\t\t\t<div class=\"elementor-wrapper elementor-open-lightbox\">\n\t\t\t\t\t\t\t<div class=\"elementor-custom-embed-image-overlay\" data-elementor-open-lightbox=\"yes\" data-elementor-lightbox=\"{&quot;type&quot;:&quot;video&quot;,&quot;videoType&quot;:&quot;youtube&quot;,&quot;url&quot;:&quot;https:\\\/\\\/www.youtube.com\\\/embed\\\/X159e-L-ZRM?feature=oembed&amp;start&amp;end&amp;wmode=opaque&amp;loop=0&amp;controls=1&amp;mute=0&amp;rel=0&amp;modestbranding=1&quot;,&quot;autoplay&quot;:&quot;&quot;,&quot;modalOptions&quot;:{&quot;id&quot;:&quot;elementor-lightbox-07fe2b8&quot;,&quot;entranceAnimation&quot;:&quot;&quot;,&quot;entranceAnimation_tablet&quot;:&quot;&quot;,&quot;entranceAnimation_mobile&quot;:&quot;&quot;,&quot;videoAspectRatio&quot;:&quot;169&quot;}}\" data-e-action-hash=\"#elementor-action%3Aaction%3Dlightbox%26settings%3DeyJ0eXBlIjoidmlkZW8iLCJ2aWRlb1R5cGUiOiJ5b3V0dWJlIiwidXJsIjoiaHR0cHM6XC9cL3d3dy55b3V0dWJlLmNvbVwvZW1iZWRcL1gxNTllLUwtWlJNP2ZlYXR1cmU9b2VtYmVkJnN0YXJ0JmVuZCZ3bW9kZT1vcGFxdWUmbG9vcD0wJmNvbnRyb2xzPTEmbXV0ZT0wJnJlbD0wJm1vZGVzdGJyYW5kaW5nPTEiLCJhdXRvcGxheSI6IiIsIm1vZGFsT3B0aW9ucyI6eyJpZCI6ImVsZW1lbnRvci1saWdodGJveC0wN2ZlMmI4IiwiZW50cmFuY2VBbmltYXRpb24iOiIiLCJlbnRyYW5jZUFuaW1hdGlvbl90YWJsZXQiOiIiLCJlbnRyYW5jZUFuaW1hdGlvbl9tb2JpbGUiOiIiLCJ2aWRlb0FzcGVjdFJhdGlvIjoiMTY5In19\">\n\t\t\t\t\t\t\t\t\t\t\t<img fetchpriority=\"high\" decoding=\"async\" width=\"967\" height=\"520\" src=\"https:\/\/owlisten.com\/wp-content\/uploads\/2021\/10\/video-kiko.png\" class=\"attachment-full size-full wp-image-15977\" alt=\"Assista o v\u00eddeo\" srcset=\"https:\/\/owlisten.com\/wp-content\/uploads\/2021\/10\/video-kiko.png 967w, https:\/\/owlisten.com\/wp-content\/uploads\/2021\/10\/video-kiko-300x161.png 300w, https:\/\/owlisten.com\/wp-content\/uploads\/2021\/10\/video-kiko-768x413.png 768w, https:\/\/owlisten.com\/wp-content\/uploads\/2021\/10\/video-kiko-18x10.png 18w\" sizes=\"(max-width: 967px) 100vw, 967px\" \/>\t\t\t\t\t\t\t\t\t\t\t\t\t\t<\/div>\n\t\t\t\t\t<\/div>\n\t\t\t\t<\/div>\n\t\t\t\t<\/div>\n\t\t\t\t<div class=\"elementor-element elementor-element-ece7686 elementor-align-center elementor-widget elementor-widget-button\" data-id=\"ece7686\" data-element_type=\"widget\" data-widget_type=\"button.default\">\n\t\t\t\t<div class=\"elementor-widget-container\">\n\t\t\t\t\t<div class=\"elementor-button-wrapper\">\n\t\t\t<a class=\"elementor-button elementor-button-link elementor-size-lg\" href=\"https:\/\/app.owlisten.com\/\">\n\t\t\t\t\t\t<span class=\"elementor-button-content-wrapper\">\n\t\t\t\t\t\t\t\t\t<span class=\"elementor-button-text\">Start free<\/span>\n\t\t\t\t\t<\/span>\n\t\t\t\t\t<\/a>\n\t\t<\/div>\n\t\t\t\t<\/div>\n\t\t\t\t<\/div>\n\t\t\t\t\t<\/div>\n\t\t<\/div>\n\t\t\t\t\t<\/div>\n\t\t<\/section>\n\t\t\t\t<section class=\"elementor-section elementor-top-section elementor-element elementor-element-05a7bf9 elementor-section-full_width elementor-section-stretched elementor-section-height-default elementor-section-height-default\" data-id=\"05a7bf9\" data-element_type=\"section\" data-settings=\"{&quot;stretch_section&quot;:&quot;section-stretched&quot;,&quot;background_background&quot;:&quot;classic&quot;}\">\n\t\t\t\t\t\t<div class=\"elementor-container elementor-column-gap-wider\">\n\t\t\t\t\t<div class=\"elementor-column elementor-col-33 elementor-top-column elementor-element elementor-element-0f50401\" data-id=\"0f50401\" data-element_type=\"column\">\n\t\t\t<div class=\"elementor-widget-wrap\">\n\t\t\t\t\t\t\t<\/div>\n\t\t<\/div>\n\t\t\t\t<div class=\"elementor-column elementor-col-33 elementor-top-column elementor-element elementor-element-e98f3d6\" data-id=\"e98f3d6\" data-element_type=\"column\">\n\t\t\t<div class=\"elementor-widget-wrap\">\n\t\t\t\t\t\t\t<\/div>\n\t\t<\/div>\n\t\t\t\t<div class=\"elementor-column elementor-col-33 elementor-top-column elementor-element elementor-element-27e2572\" data-id=\"27e2572\" data-element_type=\"column\">\n\t\t\t<div class=\"elementor-widget-wrap\">\n\t\t\t\t\t\t\t<\/div>\n\t\t<\/div>\n\t\t\t\t\t<\/div>\n\t\t<\/section>\n\t\t\t\t<section class=\"elementor-section elementor-top-section elementor-element elementor-element-ed9b831 elementor-section-full_width elementor-section-stretched elementor-section-height-default elementor-section-height-default\" data-id=\"ed9b831\" data-element_type=\"section\" data-settings=\"{&quot;background_background&quot;:&quot;classic&quot;,&quot;stretch_section&quot;:&quot;section-stretched&quot;}\">\n\t\t\t\t\t\t<div class=\"elementor-container elementor-column-gap-default\">\n\t\t\t\t\t<div class=\"elementor-column elementor-col-50 elementor-top-column elementor-element elementor-element-6ac3e33\" data-id=\"6ac3e33\" data-element_type=\"column\">\n\t\t\t<div class=\"elementor-widget-wrap elementor-element-populated\">\n\t\t\t\t\t\t<div class=\"elementor-element elementor-element-656cc88 elementor-widget elementor-widget-button\" data-id=\"656cc88\" data-element_type=\"widget\" data-widget_type=\"button.default\">\n\t\t\t\t<div class=\"elementor-widget-container\">\n\t\t\t\t\t<div class=\"elementor-button-wrapper\">\n\t\t\t<a class=\"elementor-button elementor-button-link elementor-size-lg\" href=\"https:\/\/app.owlisten.com\/create-room\">\n\t\t\t\t\t\t<span class=\"elementor-button-content-wrapper\">\n\t\t\t\t\t\t\t\t\t<span class=\"elementor-button-text\">Receive Feedback<\/span>\n\t\t\t\t\t<\/span>\n\t\t\t\t\t<\/a>\n\t\t<\/div>\n\t\t\t\t<\/div>\n\t\t\t\t<\/div>\n\t\t\t\t\t<\/div>\n\t\t<\/div>\n\t\t\t\t<div class=\"elementor-column elementor-col-50 elementor-top-column elementor-element elementor-element-83de1f5\" data-id=\"83de1f5\" data-element_type=\"column\">\n\t\t\t<div class=\"elementor-widget-wrap elementor-element-populated\">\n\t\t\t\t\t\t<div class=\"elementor-element elementor-element-ed0db61 elementor-widget elementor-widget-image\" data-id=\"ed0db61\" data-element_type=\"widget\" data-widget_type=\"image.default\">\n\t\t\t\t<div class=\"elementor-widget-container\">\n\t\t\t\t\t\t\t\t\t\t\t\t\t<img decoding=\"async\" width=\"1000\" height=\"513\" src=\"https:\/\/owlisten.com\/wp-content\/uploads\/2021\/09\/owlisten-preview.gif\" class=\"attachment-full size-full wp-image-15913\" alt=\"\" \/>\t\t\t\t\t\t\t\t\t\t\t\t\t<\/div>\n\t\t\t\t<\/div>\n\t\t\t\t\t<\/div>\n\t\t<\/div>\n\t\t\t\t\t<\/div>\n\t\t<\/section>\n\t\t\t\t<\/div>","protected":false},"excerpt":{"rendered":"<p>Comece gr\u00e1tis Crie salas de feedback an\u00f4nimas ou transparentes Descubra quais compet\u00eancias precisam de aten\u00e7\u00e3o [&hellip;]<\/p>","protected":false},"author":1,"featured_media":0,"parent":0,"menu_order":0,"comment_status":"closed","ping_status":"closed","template":"elementor_theme","meta":{"footnotes":""},"class_list":["post-15955","page","type-page","status-publish","hentry"],"yoast_head":"<!-- This site is optimized with the Yoast SEO plugin v25.6 - https:\/\/yoast.com\/wordpress\/plugins\/seo\/ -->\n<title>Como funciona - Owlisten<\/title>\n<meta name=\"robots\" content=\"index, follow, max-snippet:-1, max-image-preview:large, max-video-preview:-1\" \/>\n<link rel=\"canonical\" href=\"https:\/\/owlisten.com\/en\/como-funciona\/\" \/>\n<meta property=\"og:locale\" content=\"en_US\" \/>\n<meta property=\"og:type\" content=\"article\" \/>\n<meta property=\"og:title\" content=\"Como funciona - Owlisten\" \/>\n<meta property=\"og:description\" content=\"Comece gr\u00e1tis Crie salas de feedback an\u00f4nimas ou transparentes Descubra quais compet\u00eancias precisam de aten\u00e7\u00e3o [&hellip;]\" \/>\n<meta property=\"og:url\" content=\"https:\/\/owlisten.com\/en\/como-funciona\/\" \/>\n<meta property=\"og:site_name\" content=\"Owlisten\" \/>\n<meta property=\"article:modified_time\" content=\"2022-03-13T21:27:43+00:00\" \/>\n<meta property=\"og:image\" content=\"http:\/\/owlisten.com\/wp-content\/uploads\/2021\/09\/owlisten-preview.gif\" \/>\n<meta name=\"twitter:card\" content=\"summary_large_image\" \/>\n<meta name=\"twitter:label1\" content=\"Est. reading time\" \/>\n\t<meta name=\"twitter:data1\" content=\"1 minute\" \/>\n<script type=\"application\/ld+json\" class=\"yoast-schema-graph\">{\"@context\":\"https:\/\/schema.org\",\"@graph\":[{\"@type\":\"WebPage\",\"@id\":\"https:\/\/owlisten.com\/como-funciona\/\",\"url\":\"https:\/\/owlisten.com\/como-funciona\/\",\"name\":\"Como funciona - Owlisten\",\"isPartOf\":{\"@id\":\"https:\/\/owlisten.com\/en\/#website\"},\"primaryImageOfPage\":{\"@id\":\"https:\/\/owlisten.com\/como-funciona\/#primaryimage\"},\"image\":{\"@id\":\"https:\/\/owlisten.com\/como-funciona\/#primaryimage\"},\"thumbnailUrl\":\"http:\/\/owlisten.com\/wp-content\/uploads\/2021\/09\/owlisten-preview.gif\",\"datePublished\":\"2021-10-14T11:36:50+00:00\",\"dateModified\":\"2022-03-13T21:27:43+00:00\",\"breadcrumb\":{\"@id\":\"https:\/\/owlisten.com\/como-funciona\/#breadcrumb\"},\"inLanguage\":\"en-US\",\"potentialAction\":[{\"@type\":\"ReadAction\",\"target\":[\"https:\/\/owlisten.com\/como-funciona\/\"]}]},{\"@type\":\"ImageObject\",\"inLanguage\":\"en-US\",\"@id\":\"https:\/\/owlisten.com\/como-funciona\/#primaryimage\",\"url\":\"http:\/\/owlisten.com\/wp-content\/uploads\/2021\/09\/owlisten-preview.gif\",\"contentUrl\":\"http:\/\/owlisten.com\/wp-content\/uploads\/2021\/09\/owlisten-preview.gif\"},{\"@type\":\"BreadcrumbList\",\"@id\":\"https:\/\/owlisten.com\/como-funciona\/#breadcrumb\",\"itemListElement\":[{\"@type\":\"ListItem\",\"position\":1,\"name\":\"Home\",\"item\":\"https:\/\/owlisten.com\/\"},{\"@type\":\"ListItem\",\"position\":2,\"name\":\"Como funciona\"}]},{\"@type\":\"WebSite\",\"@id\":\"https:\/\/owlisten.com\/en\/#website\",\"url\":\"https:\/\/owlisten.com\/en\/\",\"name\":\"Owlisten\",\"description\":\"The feedback evolution\",\"publisher\":{\"@id\":\"https:\/\/owlisten.com\/en\/#organization\"},\"potentialAction\":[{\"@type\":\"SearchAction\",\"target\":{\"@type\":\"EntryPoint\",\"urlTemplate\":\"https:\/\/owlisten.com\/en\/?s={search_term_string}\"},\"query-input\":{\"@type\":\"PropertyValueSpecification\",\"valueRequired\":true,\"valueName\":\"search_term_string\"}}],\"inLanguage\":\"en-US\"},{\"@type\":\"Organization\",\"@id\":\"https:\/\/owlisten.com\/en\/#organization\",\"name\":\"Owlisten\",\"url\":\"https:\/\/owlisten.com\/en\/\",\"logo\":{\"@type\":\"ImageObject\",\"inLanguage\":\"en-US\",\"@id\":\"https:\/\/owlisten.com\/en\/#\/schema\/logo\/image\/\",\"url\":\"http:\/\/owlisten.com\/wp-content\/uploads\/2022\/04\/Contact-CTA-element.webp\",\"contentUrl\":\"http:\/\/owlisten.com\/wp-content\/uploads\/2022\/04\/Contact-CTA-element.webp\",\"width\":766,\"height\":780,\"caption\":\"Owlisten\"},\"image\":{\"@id\":\"https:\/\/owlisten.com\/en\/#\/schema\/logo\/image\/\"}}]}<\/script>\n<!-- \/ Yoast SEO plugin. -->","yoast_head_json":{"title":"Como funciona - Owlisten","robots":{"index":"index","follow":"follow","max-snippet":"max-snippet:-1","max-image-preview":"max-image-preview:large","max-video-preview":"max-video-preview:-1"},"canonical":"https:\/\/owlisten.com\/en\/como-funciona\/","og_locale":"en_US","og_type":"article","og_title":"Como funciona - Owlisten","og_description":"Comece gr\u00e1tis Crie salas de feedback an\u00f4nimas ou transparentes Descubra quais compet\u00eancias precisam de aten\u00e7\u00e3o [&hellip;]","og_url":"https:\/\/owlisten.com\/en\/como-funciona\/","og_site_name":"Owlisten","article_modified_time":"2022-03-13T21:27:43+00:00","og_image":[{"url":"http:\/\/owlisten.com\/wp-content\/uploads\/2021\/09\/owlisten-preview.gif","type":"","width":"","height":""}],"twitter_card":"summary_large_image","twitter_misc":{"Est. reading time":"1 minute"},"schema":{"@context":"https:\/\/schema.org","@graph":[{"@type":"WebPage","@id":"https:\/\/owlisten.com\/como-funciona\/","url":"https:\/\/owlisten.com\/como-funciona\/","name":"Como funciona - Owlisten","isPartOf":{"@id":"https:\/\/owlisten.com\/en\/#website"},"primaryImageOfPage":{"@id":"https:\/\/owlisten.com\/como-funciona\/#primaryimage"},"image":{"@id":"https:\/\/owlisten.com\/como-funciona\/#primaryimage"},"thumbnailUrl":"http:\/\/owlisten.com\/wp-content\/uploads\/2021\/09\/owlisten-preview.gif","datePublished":"2021-10-14T11:36:50+00:00","dateModified":"2022-03-13T21:27:43+00:00","breadcrumb":{"@id":"https:\/\/owlisten.com\/como-funciona\/#breadcrumb"},"inLanguage":"en-US","potentialAction":[{"@type":"ReadAction","target":["https:\/\/owlisten.com\/como-funciona\/"]}]},{"@type":"ImageObject","inLanguage":"en-US","@id":"https:\/\/owlisten.com\/como-funciona\/#primaryimage","url":"http:\/\/owlisten.com\/wp-content\/uploads\/2021\/09\/owlisten-preview.gif","contentUrl":"http:\/\/owlisten.com\/wp-content\/uploads\/2021\/09\/owlisten-preview.gif"},{"@type":"BreadcrumbList","@id":"https:\/\/owlisten.com\/como-funciona\/#breadcrumb","itemListElement":[{"@type":"ListItem","position":1,"name":"Home","item":"https:\/\/owlisten.com\/"},{"@type":"ListItem","position":2,"name":"Como funciona"}]},{"@type":"WebSite","@id":"https:\/\/owlisten.com\/en\/#website","url":"https:\/\/owlisten.com\/en\/","name":"Owlisten","description":"The feedback evolution","publisher":{"@id":"https:\/\/owlisten.com\/en\/#organization"},"potentialAction":[{"@type":"SearchAction","target":{"@type":"EntryPoint","urlTemplate":"https:\/\/owlisten.com\/en\/?s={search_term_string}"},"query-input":{"@type":"PropertyValueSpecification","valueRequired":true,"valueName":"search_term_string"}}],"inLanguage":"en-US"},{"@type":"Organization","@id":"https:\/\/owlisten.com\/en\/#organization","name":"Owlisten","url":"https:\/\/owlisten.com\/en\/","logo":{"@type":"ImageObject","inLanguage":"en-US","@id":"https:\/\/owlisten.com\/en\/#\/schema\/logo\/image\/","url":"http:\/\/owlisten.com\/wp-content\/uploads\/2022\/04\/Contact-CTA-element.webp","contentUrl":"http:\/\/owlisten.com\/wp-content\/uploads\/2022\/04\/Contact-CTA-element.webp","width":766,"height":780,"caption":"Owlisten"},"image":{"@id":"https:\/\/owlisten.com\/en\/#\/schema\/logo\/image\/"}}]}},"_links":{"self":[{"href":"https:\/\/owlisten.com\/en\/wp-json\/wp\/v2\/pages\/15955"}],"collection":[{"href":"https:\/\/owlisten.com\/en\/wp-json\/wp\/v2\/pages"}],"about":[{"href":"https:\/\/owlisten.com\/en\/wp-json\/wp\/v2\/types\/page"}],"author":[{"embeddable":true,"href":"https:\/\/owlisten.com\/en\/wp-json\/wp\/v2\/users\/1"}],"replies":[{"embeddable":true,"href":"https:\/\/owlisten.com\/en\/wp-json\/wp\/v2\/comments?post=15955"}],"version-history":[{"count":81,"href":"https:\/\/owlisten.com\/en\/wp-json\/wp\/v2\/pages\/15955\/revisions"}],"predecessor-version":[{"id":16212,"href":"https:\/\/owlisten.com\/en\/wp-json\/wp\/v2\/pages\/15955\/revisions\/16212"}],"wp:attachment":[{"href":"https:\/\/owlisten.com\/en\/wp-json\/wp\/v2\/media?parent=15955"}],"curies":[{"name":"wp","href":"https:\/\/api.w.org\/{rel}","templated":true}]}}