{"id":16314,"date":"2022-03-20T21:23:27","date_gmt":"2022-03-20T21:23:27","guid":{"rendered":"http:\/\/owlisten.com\/?page_id=16314"},"modified":"2022-03-20T21:55:57","modified_gmt":"2022-03-20T21:55:57","slug":"faq","status":"publish","type":"page","link":"https:\/\/owlisten.com\/en\/faq\/","title":{"rendered":"FAQ"},"content":{"rendered":"<div data-elementor-type=\"wp-page\" data-elementor-id=\"16314\" class=\"elementor elementor-16314\">\n\t\t\t\t\t\t<section class=\"elementor-section elementor-top-section elementor-element elementor-element-1c8b1a1 elementor-reverse-tablet elementor-reverse-mobile elementor-section-boxed elementor-section-height-default elementor-section-height-default\" data-id=\"1c8b1a1\" data-element_type=\"section\">\n\t\t\t\t\t\t<div class=\"elementor-container elementor-column-gap-default\">\n\t\t\t\t\t<div class=\"elementor-column elementor-col-50 elementor-top-column elementor-element elementor-element-ea177c7\" data-id=\"ea177c7\" data-element_type=\"column\">\n\t\t\t<div class=\"elementor-widget-wrap elementor-element-populated\">\n\t\t\t\t\t\t<div class=\"elementor-element elementor-element-8802b8f animated-fast elementor-invisible elementor-widget elementor-widget-heading\" data-id=\"8802b8f\" data-element_type=\"widget\" data-settings=\"{&quot;_animation&quot;:&quot;fadeInUp&quot;,&quot;_animation_delay&quot;:200}\" data-widget_type=\"heading.default\">\n\t\t\t\t<div class=\"elementor-widget-container\">\n\t\t\t<h5 class=\"elementor-heading-title elementor-size-default\">QUICK ANSWERS<\/h5>\t\t<\/div>\n\t\t\t\t<\/div>\n\t\t\t\t<div class=\"elementor-element elementor-element-133964e animated-fast elementor-invisible elementor-widget elementor-widget-heading\" data-id=\"133964e\" data-element_type=\"widget\" data-settings=\"{&quot;_animation&quot;:&quot;fadeInUp&quot;,&quot;_animation_delay&quot;:300}\" data-widget_type=\"heading.default\">\n\t\t\t\t<div class=\"elementor-widget-container\">\n\t\t\t<h2 class=\"elementor-heading-title elementor-size-default\">Frequently asked questions<\/h2>\t\t<\/div>\n\t\t\t\t<\/div>\n\t\t\t\t<div class=\"elementor-element elementor-element-8a78e82 animated-fast elementor-invisible elementor-widget elementor-widget-bdt-accordion\" data-id=\"8a78e82\" data-element_type=\"widget\" data-settings=\"{&quot;_animation&quot;:&quot;fadeInUp&quot;,&quot;_animation_delay&quot;:400}\" data-widget_type=\"bdt-accordion.default\">\n\t\t\t\t<div class=\"elementor-widget-container\">\n\t\t\t        <div class=\"bdt-ep-accordion-container\">\n            <div id=\"bdt-ep-accordion-8a78e82\" class=\"bdt-ep-accordion bdt-accordion\" data-bdt-accordion=\"{&quot;collapsible&quot;:true,&quot;multiple&quot;:false,&quot;transition&quot;:&quot;ease-in-out&quot;}\" data-settings=\"{&quot;id&quot;:&quot;bdt-ep-accordion-8a78e82&quot;,&quot;activeHash&quot;:&quot;no&quot;,&quot;activeScrollspy&quot;:null,&quot;hashTopOffset&quot;:false,&quot;hashScrollspyTime&quot;:false}\">\n                                    <div class=\"bdt-ep-accordion-item\">\n                        <div class=\"bdt-ep-accordion-title bdt-accordion-title bdt-flex bdt-flex-middle bdt-flex-between\" id=\"bdt-ep-accordion-o-que-a-owlisten\" data-accordion-index=\"0\" data-title=\"o-que-a-owlisten\" role=\"heading\">\n\n                                                            <span class=\"bdt-ep-accordion-icon bdt-flex-align-right\" aria-hidden=\"true\">\n\n                                                                            <span class=\"bdt-ep-accordion-icon-closed\">\n                                            <i aria-hidden=\"true\" class=\"fa-fw fas fa-chevron-down\"><\/i>                                        <\/span>\n                                    \n                                                                            <span class=\"bdt-ep-accordion-icon-opened\">\n                                            <i aria-hidden=\"true\" class=\"fa-fw fas fa-angle-up\"><\/i>                                        <\/span>\n                                    \n                                <\/span>\n                            \n                            <span class=\"bdt-ep-title-text bdt-flex bdt-flex-middle\">\n\n                                                                What is Owlisten?                            <\/span>\n\n                        <\/div>\n                        <div class=\"bdt-ep-accordion-content bdt-accordion-content\">\n                            Owlisten is a collaborative and transparent feedback platform that allows anyone to give and receive feedback in a friendly and engaging way.                        <\/div>\n                    <\/div>\n                                    <div class=\"bdt-ep-accordion-item\">\n                        <div class=\"bdt-ep-accordion-title bdt-accordion-title bdt-flex bdt-flex-middle bdt-flex-between\" id=\"bdt-ep-accordion-em-quais-momentos-eu-posso-coletar-feedback\" data-accordion-index=\"1\" data-title=\"em-quais-momentos-eu-posso-coletar-feedback\" role=\"heading\">\n\n                                                            <span class=\"bdt-ep-accordion-icon bdt-flex-align-right\" aria-hidden=\"true\">\n\n                                                                            <span class=\"bdt-ep-accordion-icon-closed\">\n                                            <i aria-hidden=\"true\" class=\"fa-fw fas fa-chevron-down\"><\/i>                                        <\/span>\n                                    \n                                                                            <span class=\"bdt-ep-accordion-icon-opened\">\n                                            <i aria-hidden=\"true\" class=\"fa-fw fas fa-angle-up\"><\/i>                                        <\/span>\n                                    \n                                <\/span>\n                            \n                            <span class=\"bdt-ep-title-text bdt-flex bdt-flex-middle\">\n\n                                                                When can I collect feedback?                            <\/span>\n\n                        <\/div>\n                        <div class=\"bdt-ep-accordion-content bdt-accordion-content\">\n                            <p><span style=\"font-weight: 400;\">During or after any interaction between people, such as:<\/span><\/p><ul><li style=\"font-weight: 400;\" aria-level=\"1\"><span style=\"font-weight: 400;\">In-person or remote meetings<\/span><\/li><li style=\"font-weight: 400;\" aria-level=\"1\"><span style=\"font-weight: 400;\">events, conferences<\/span><\/li><li style=\"font-weight: 400;\" aria-level=\"1\"><span style=\"font-weight: 400;\">Sprints<\/span><\/li><li style=\"font-weight: 400;\" aria-level=\"1\"><span style=\"font-weight: 400;\">Projects<\/span><\/li><li style=\"font-weight: 400;\" aria-level=\"1\"><span style=\"font-weight: 400;\">Interviews<\/span><\/li><\/ul>                        <\/div>\n                    <\/div>\n                                    <div class=\"bdt-ep-accordion-item\">\n                        <div class=\"bdt-ep-accordion-title bdt-accordion-title bdt-flex bdt-flex-middle bdt-flex-between\" id=\"bdt-ep-accordion-como-fao-para-convidar-pessoas-para-uma-sala-de-feedback\" data-accordion-index=\"2\" data-title=\"como-fa-o-para-convidar-pessoas-para-uma-sala-de-feedback\" role=\"heading\">\n\n                                                            <span class=\"bdt-ep-accordion-icon bdt-flex-align-right\" aria-hidden=\"true\">\n\n                                                                            <span class=\"bdt-ep-accordion-icon-closed\">\n                                            <i aria-hidden=\"true\" class=\"fa-fw fas fa-chevron-down\"><\/i>                                        <\/span>\n                                    \n                                                                            <span class=\"bdt-ep-accordion-icon-opened\">\n                                            <i aria-hidden=\"true\" class=\"fa-fw fas fa-angle-up\"><\/i>                                        <\/span>\n                                    \n                                <\/span>\n                            \n                            <span class=\"bdt-ep-title-text bdt-flex bdt-flex-middle\">\n\n                                                                How do I invite people to a feedback session?                            <\/span>\n\n                        <\/div>\n                        <div class=\"bdt-ep-accordion-content bdt-accordion-content\">\n                            <p><span style=\"font-weight: 400;\">After creating a room you can share the link or QR code with your guests through your preferred communication channel.<\/span><\/p>                        <\/div>\n                    <\/div>\n                                    <div class=\"bdt-ep-accordion-item\">\n                        <div class=\"bdt-ep-accordion-title bdt-accordion-title bdt-flex bdt-flex-middle bdt-flex-between\" id=\"bdt-ep-accordion-como-funciona-o-feedback-annimo\" data-accordion-index=\"3\" data-title=\"como-funciona-o-feedback-an-nimo\" role=\"heading\">\n\n                                                            <span class=\"bdt-ep-accordion-icon bdt-flex-align-right\" aria-hidden=\"true\">\n\n                                                                            <span class=\"bdt-ep-accordion-icon-closed\">\n                                            <i aria-hidden=\"true\" class=\"fa-fw fas fa-chevron-down\"><\/i>                                        <\/span>\n                                    \n                                                                            <span class=\"bdt-ep-accordion-icon-opened\">\n                                            <i aria-hidden=\"true\" class=\"fa-fw fas fa-angle-up\"><\/i>                                        <\/span>\n                                    \n                                <\/span>\n                            \n                            <span class=\"bdt-ep-title-text bdt-flex bdt-flex-middle\">\n\n                                                                How does anonymous feedback work?                            <\/span>\n\n                        <\/div>\n                        <div class=\"bdt-ep-accordion-content bdt-accordion-content\">\n                            <p><span style=\"font-weight: 400;\">Anonymous feedback does not reveal the identity of the person who gave you feedback. The same happens with the feedbacks you give to other people, they won't know that you evaluated them either. We recommend creating anonymous sessions with more than 2 guests to ensure session anonymity.<\/span><\/p>                        <\/div>\n                    <\/div>\n                                    <div class=\"bdt-ep-accordion-item\">\n                        <div class=\"bdt-ep-accordion-title bdt-accordion-title bdt-flex bdt-flex-middle bdt-flex-between\" id=\"bdt-ep-accordion-qual-a-diferena-entre-uma-sala-aberta-e-encerrada\" data-accordion-index=\"4\" data-title=\"qual-a-diferen-a-entre-uma-sala-aberta-e-encerrada\" role=\"heading\">\n\n                                                            <span class=\"bdt-ep-accordion-icon bdt-flex-align-right\" aria-hidden=\"true\">\n\n                                                                            <span class=\"bdt-ep-accordion-icon-closed\">\n                                            <i aria-hidden=\"true\" class=\"fa-fw fas fa-chevron-down\"><\/i>                                        <\/span>\n                                    \n                                                                            <span class=\"bdt-ep-accordion-icon-opened\">\n                                            <i aria-hidden=\"true\" class=\"fa-fw fas fa-angle-up\"><\/i>                                        <\/span>\n                                    \n                                <\/span>\n                            \n                            <span class=\"bdt-ep-title-text bdt-flex bdt-flex-middle\">\n\n                                                                What is the difference between an open and closed room?                            <\/span>\n\n                        <\/div>\n                        <div class=\"bdt-ep-accordion-content bdt-accordion-content\">\n                            <p><span style=\"font-weight: 400;\">An open room is still available for participants to change their ratings. In a closed room<\/span><span style=\"font-weight: 400;\"> participants can no longer give and receive feedback or change their ratings. Closing the room is an option available only to the user who created the room.<\/span><\/p>                        <\/div>\n                    <\/div>\n                            <\/div>\n        <\/div>\n\t\t<\/div>\n\t\t\t\t<\/div>\n\t\t\t\t\t<\/div>\n\t\t<\/div>\n\t\t\t\t<div class=\"elementor-column elementor-col-50 elementor-top-column elementor-element elementor-element-1c95a50\" data-id=\"1c95a50\" data-element_type=\"column\" data-settings=\"{&quot;background_background&quot;:&quot;classic&quot;}\">\n\t\t\t<div class=\"elementor-widget-wrap elementor-element-populated\">\n\t\t\t\t\t\t<div class=\"elementor-element elementor-element-8deab83 animated-fast elementor-invisible elementor-widget elementor-widget-image\" data-id=\"8deab83\" data-element_type=\"widget\" data-settings=\"{&quot;_animation&quot;:&quot;fadeInUp&quot;}\" data-widget_type=\"image.default\">\n\t\t\t\t<div class=\"elementor-widget-container\">\n\t\t\t\t\t\t\t\t\t\t\t\t\t<img decoding=\"async\" src=\"http:\/\/library.uicore.co\/wp-content\/uploads\/2022\/03\/Pages-FAQ-Image.png\" title=\"\" alt=\"\" loading=\"lazy\" \/>\t\t\t\t\t\t\t\t\t\t\t\t\t<\/div>\n\t\t\t\t<\/div>\n\t\t\t\t<div class=\"elementor-element elementor-element-7f9a71d elementor-widget elementor-widget-image\" data-id=\"7f9a71d\" data-element_type=\"widget\" data-widget_type=\"image.default\">\n\t\t\t\t<div class=\"elementor-widget-container\">\n\t\t\t\t\t\t\t\t\t\t\t\t\t<img fetchpriority=\"high\" decoding=\"async\" width=\"393\" height=\"199\" src=\"https:\/\/owlisten.com\/wp-content\/uploads\/2022\/03\/Service-Hero-element-3.webp\" class=\"attachment-full size-full wp-image-16253\" alt=\"\" srcset=\"https:\/\/owlisten.com\/wp-content\/uploads\/2022\/03\/Service-Hero-element-3.webp 393w, https:\/\/owlisten.com\/wp-content\/uploads\/2022\/03\/Service-Hero-element-3-300x152.webp 300w, https:\/\/owlisten.com\/wp-content\/uploads\/2022\/03\/Service-Hero-element-3-18x9.webp 18w\" sizes=\"(max-width: 393px) 100vw, 393px\" \/>\t\t\t\t\t\t\t\t\t\t\t\t\t<\/div>\n\t\t\t\t<\/div>\n\t\t\t\t\t<\/div>\n\t\t<\/div>\n\t\t\t\t\t<\/div>\n\t\t<\/section>\n\t\t\t\t<\/div>","protected":false},"excerpt":{"rendered":"<p>RESPOSTAS R\u00c1PIDAS D\u00favidas mais frequentes O que \u00e9 a Owlisten? A Owlisten \u00e9 uma plataforma [&hellip;]<\/p>","protected":false},"author":1,"featured_media":0,"parent":0,"menu_order":0,"comment_status":"closed","ping_status":"closed","template":"","meta":{"footnotes":""},"class_list":["post-16314","page","type-page","status-publish","hentry"],"yoast_head":"<!-- This site is optimized with the Yoast SEO plugin v25.6 - https:\/\/yoast.com\/wordpress\/plugins\/seo\/ -->\n<title>FAQ - Owlisten<\/title>\n<meta name=\"robots\" content=\"index, follow, max-snippet:-1, max-image-preview:large, max-video-preview:-1\" \/>\n<link rel=\"canonical\" href=\"https:\/\/owlisten.com\/en\/faq\/\" \/>\n<meta property=\"og:locale\" content=\"en_US\" \/>\n<meta property=\"og:type\" content=\"article\" \/>\n<meta property=\"og:title\" content=\"FAQ - Owlisten\" \/>\n<meta property=\"og:description\" content=\"RESPOSTAS R\u00c1PIDAS D\u00favidas mais frequentes O que \u00e9 a Owlisten? A Owlisten \u00e9 uma plataforma [&hellip;]\" \/>\n<meta property=\"og:url\" content=\"https:\/\/owlisten.com\/en\/faq\/\" \/>\n<meta property=\"og:site_name\" content=\"Owlisten\" \/>\n<meta property=\"article:modified_time\" content=\"2022-03-20T21:55:57+00:00\" \/>\n<meta property=\"og:image\" content=\"http:\/\/library.uicore.co\/wp-content\/uploads\/2022\/03\/Pages-FAQ-Image.png\" \/>\n<meta name=\"twitter:card\" content=\"summary_large_image\" \/>\n<meta name=\"twitter:label1\" content=\"Est. reading time\" \/>\n\t<meta name=\"twitter:data1\" content=\"2 minutes\" \/>\n<script type=\"application\/ld+json\" class=\"yoast-schema-graph\">{\"@context\":\"https:\/\/schema.org\",\"@graph\":[{\"@type\":\"WebPage\",\"@id\":\"https:\/\/owlisten.com\/faq\/\",\"url\":\"https:\/\/owlisten.com\/faq\/\",\"name\":\"FAQ - Owlisten\",\"isPartOf\":{\"@id\":\"https:\/\/owlisten.com\/en\/#website\"},\"primaryImageOfPage\":{\"@id\":\"https:\/\/owlisten.com\/faq\/#primaryimage\"},\"image\":{\"@id\":\"https:\/\/owlisten.com\/faq\/#primaryimage\"},\"thumbnailUrl\":\"http:\/\/library.uicore.co\/wp-content\/uploads\/2022\/03\/Pages-FAQ-Image.png\",\"datePublished\":\"2022-03-20T21:23:27+00:00\",\"dateModified\":\"2022-03-20T21:55:57+00:00\",\"breadcrumb\":{\"@id\":\"https:\/\/owlisten.com\/faq\/#breadcrumb\"},\"inLanguage\":\"en-US\",\"potentialAction\":[{\"@type\":\"ReadAction\",\"target\":[\"https:\/\/owlisten.com\/faq\/\"]}]},{\"@type\":\"ImageObject\",\"inLanguage\":\"en-US\",\"@id\":\"https:\/\/owlisten.com\/faq\/#primaryimage\",\"url\":\"http:\/\/library.uicore.co\/wp-content\/uploads\/2022\/03\/Pages-FAQ-Image.png\",\"contentUrl\":\"http:\/\/library.uicore.co\/wp-content\/uploads\/2022\/03\/Pages-FAQ-Image.png\"},{\"@type\":\"BreadcrumbList\",\"@id\":\"https:\/\/owlisten.com\/faq\/#breadcrumb\",\"itemListElement\":[{\"@type\":\"ListItem\",\"position\":1,\"name\":\"Home\",\"item\":\"https:\/\/owlisten.com\/\"},{\"@type\":\"ListItem\",\"position\":2,\"name\":\"FAQ\"}]},{\"@type\":\"WebSite\",\"@id\":\"https:\/\/owlisten.com\/en\/#website\",\"url\":\"https:\/\/owlisten.com\/en\/\",\"name\":\"Owlisten\",\"description\":\"The feedback evolution\",\"publisher\":{\"@id\":\"https:\/\/owlisten.com\/en\/#organization\"},\"potentialAction\":[{\"@type\":\"SearchAction\",\"target\":{\"@type\":\"EntryPoint\",\"urlTemplate\":\"https:\/\/owlisten.com\/en\/?s={search_term_string}\"},\"query-input\":{\"@type\":\"PropertyValueSpecification\",\"valueRequired\":true,\"valueName\":\"search_term_string\"}}],\"inLanguage\":\"en-US\"},{\"@type\":\"Organization\",\"@id\":\"https:\/\/owlisten.com\/en\/#organization\",\"name\":\"Owlisten\",\"url\":\"https:\/\/owlisten.com\/en\/\",\"logo\":{\"@type\":\"ImageObject\",\"inLanguage\":\"en-US\",\"@id\":\"https:\/\/owlisten.com\/en\/#\/schema\/logo\/image\/\",\"url\":\"http:\/\/owlisten.com\/wp-content\/uploads\/2022\/04\/Contact-CTA-element.webp\",\"contentUrl\":\"http:\/\/owlisten.com\/wp-content\/uploads\/2022\/04\/Contact-CTA-element.webp\",\"width\":766,\"height\":780,\"caption\":\"Owlisten\"},\"image\":{\"@id\":\"https:\/\/owlisten.com\/en\/#\/schema\/logo\/image\/\"}}]}<\/script>\n<!-- \/ Yoast SEO plugin. -->","yoast_head_json":{"title":"FAQ - Owlisten","robots":{"index":"index","follow":"follow","max-snippet":"max-snippet:-1","max-image-preview":"max-image-preview:large","max-video-preview":"max-video-preview:-1"},"canonical":"https:\/\/owlisten.com\/en\/faq\/","og_locale":"en_US","og_type":"article","og_title":"FAQ - Owlisten","og_description":"RESPOSTAS R\u00c1PIDAS D\u00favidas mais frequentes O que \u00e9 a Owlisten? A Owlisten \u00e9 uma plataforma [&hellip;]","og_url":"https:\/\/owlisten.com\/en\/faq\/","og_site_name":"Owlisten","article_modified_time":"2022-03-20T21:55:57+00:00","og_image":[{"url":"http:\/\/library.uicore.co\/wp-content\/uploads\/2022\/03\/Pages-FAQ-Image.png","type":"","width":"","height":""}],"twitter_card":"summary_large_image","twitter_misc":{"Est. reading time":"2 minutes"},"schema":{"@context":"https:\/\/schema.org","@graph":[{"@type":"WebPage","@id":"https:\/\/owlisten.com\/faq\/","url":"https:\/\/owlisten.com\/faq\/","name":"FAQ - Owlisten","isPartOf":{"@id":"https:\/\/owlisten.com\/en\/#website"},"primaryImageOfPage":{"@id":"https:\/\/owlisten.com\/faq\/#primaryimage"},"image":{"@id":"https:\/\/owlisten.com\/faq\/#primaryimage"},"thumbnailUrl":"http:\/\/library.uicore.co\/wp-content\/uploads\/2022\/03\/Pages-FAQ-Image.png","datePublished":"2022-03-20T21:23:27+00:00","dateModified":"2022-03-20T21:55:57+00:00","breadcrumb":{"@id":"https:\/\/owlisten.com\/faq\/#breadcrumb"},"inLanguage":"en-US","potentialAction":[{"@type":"ReadAction","target":["https:\/\/owlisten.com\/faq\/"]}]},{"@type":"ImageObject","inLanguage":"en-US","@id":"https:\/\/owlisten.com\/faq\/#primaryimage","url":"http:\/\/library.uicore.co\/wp-content\/uploads\/2022\/03\/Pages-FAQ-Image.png","contentUrl":"http:\/\/library.uicore.co\/wp-content\/uploads\/2022\/03\/Pages-FAQ-Image.png"},{"@type":"BreadcrumbList","@id":"https:\/\/owlisten.com\/faq\/#breadcrumb","itemListElement":[{"@type":"ListItem","position":1,"name":"Home","item":"https:\/\/owlisten.com\/"},{"@type":"ListItem","position":2,"name":"FAQ"}]},{"@type":"WebSite","@id":"https:\/\/owlisten.com\/en\/#website","url":"https:\/\/owlisten.com\/en\/","name":"Owlisten","description":"The feedback evolution","publisher":{"@id":"https:\/\/owlisten.com\/en\/#organization"},"potentialAction":[{"@type":"SearchAction","target":{"@type":"EntryPoint","urlTemplate":"https:\/\/owlisten.com\/en\/?s={search_term_string}"},"query-input":{"@type":"PropertyValueSpecification","valueRequired":true,"valueName":"search_term_string"}}],"inLanguage":"en-US"},{"@type":"Organization","@id":"https:\/\/owlisten.com\/en\/#organization","name":"Owlisten","url":"https:\/\/owlisten.com\/en\/","logo":{"@type":"ImageObject","inLanguage":"en-US","@id":"https:\/\/owlisten.com\/en\/#\/schema\/logo\/image\/","url":"http:\/\/owlisten.com\/wp-content\/uploads\/2022\/04\/Contact-CTA-element.webp","contentUrl":"http:\/\/owlisten.com\/wp-content\/uploads\/2022\/04\/Contact-CTA-element.webp","width":766,"height":780,"caption":"Owlisten"},"image":{"@id":"https:\/\/owlisten.com\/en\/#\/schema\/logo\/image\/"}}]}},"_links":{"self":[{"href":"https:\/\/owlisten.com\/en\/wp-json\/wp\/v2\/pages\/16314"}],"collection":[{"href":"https:\/\/owlisten.com\/en\/wp-json\/wp\/v2\/pages"}],"about":[{"href":"https:\/\/owlisten.com\/en\/wp-json\/wp\/v2\/types\/page"}],"author":[{"embeddable":true,"href":"https:\/\/owlisten.com\/en\/wp-json\/wp\/v2\/users\/1"}],"replies":[{"embeddable":true,"href":"https:\/\/owlisten.com\/en\/wp-json\/wp\/v2\/comments?post=16314"}],"version-history":[{"count":29,"href":"https:\/\/owlisten.com\/en\/wp-json\/wp\/v2\/pages\/16314\/revisions"}],"predecessor-version":[{"id":16345,"href":"https:\/\/owlisten.com\/en\/wp-json\/wp\/v2\/pages\/16314\/revisions\/16345"}],"wp:attachment":[{"href":"https:\/\/owlisten.com\/en\/wp-json\/wp\/v2\/media?parent=16314"}],"curies":[{"name":"wp","href":"https:\/\/api.w.org\/{rel}","templated":true}]}}